{"id":7185,"date":"2018-07-11T11:37:18","date_gmt":"2018-07-11T11:37:18","guid":{"rendered":"http:\/\/tmgsolutions.es\/?page_id=7185"},"modified":"2018-07-11T11:37:18","modified_gmt":"2018-07-11T11:37:18","slug":"rubans-adhesifs","status":"publish","type":"page","link":"https:\/\/tmgsolutions.es\/fr\/rubans-adhesifs\/","title":{"rendered":"Rubans adh\u00e9sifs"},"content":{"rendered":"<div id='full_slider_1'  class='avia-fullwidth-slider main_color avia-shadow   avia-builder-el-0  el_before_av_section  avia-builder-el-first   container_wrap fullsize'  >\n<style type=\"text\/css\" data-created_by=\"avia_inline_auto\" id=\"style-css-av-av_slideshow_full-466bf94e3f8ee361391ff0a496b42791\">\n#top #wrap_all .avia-slideshow .av-slideshow-caption.av-av_slideshow_full-466bf94e3f8ee361391ff0a496b42791__0 .avia-caption-title{\nfont-size:60px;\n}\n<\/style>\n<div  class='avia-slideshow av-av_slideshow_full-466bf94e3f8ee361391ff0a496b42791 avia-slideshow-featured av_slideshow_full avia-slide-slider av-slideshow-ui av-control-default av-slideshow-manual av-loop-once av-loop-manual-endless av-default-height-applied   avia-slideshow-1' data-slideshow-options=\"{&quot;animation&quot;:&quot;slide&quot;,&quot;autoplay&quot;:false,&quot;loop_autoplay&quot;:&quot;once&quot;,&quot;interval&quot;:5,&quot;loop_manual&quot;:&quot;manual-endless&quot;,&quot;autoplay_stopper&quot;:false,&quot;noNavigation&quot;:false,&quot;bg_slider&quot;:false,&quot;keep_padding&quot;:false,&quot;hoverpause&quot;:false,&quot;show_slide_delay&quot;:0}\"  itemprop=\"image\" itemscope=\"itemscope\" itemtype=\"https:\/\/schema.org\/ImageObject\" ><ul class='avia-slideshow-inner ' style='padding-bottom: 28.666666666667%;'><li  class='avia-slideshow-slide av-av_slideshow_full-466bf94e3f8ee361391ff0a496b42791__0  av-single-slide slide-1 slide-odd'><div data-rel='slideshow-1' class='avia-slide-wrap '   ><div class='av-slideshow-caption av-av_slideshow_full-466bf94e3f8ee361391ff0a496b42791__0 caption_fullwidth caption_left'><div class=\"container caption_container\"><div class=\"slideshow_caption\"><div class=\"slideshow_inner_caption\"><div class=\"slideshow_align_caption\"><h2 class='avia-caption-title '  itemprop=\"name\" >RUBANS ADH\u00c9SIFS<\/h2><\/div><\/div><\/div><\/div><\/div><img decoding=\"async\" class=\"wp-image-7056 avia-img-lazy-loading-not-7056\"  src=\"https:\/\/tmgsolutions.es\/wp-content\/uploads\/2015\/10\/cintas-adhesivas-interior-tmgsolutions.jpg.jpg\" width=\"1500\" height=\"430\" title='cintas-adhesivas-interior-tmgsolutions.jpg' alt=''  itemprop=\"thumbnailUrl\" srcset=\"https:\/\/tmgsolutions.es\/wp-content\/uploads\/2015\/10\/cintas-adhesivas-interior-tmgsolutions.jpg.jpg 1500w, https:\/\/tmgsolutions.es\/wp-content\/uploads\/2015\/10\/cintas-adhesivas-interior-tmgsolutions.jpg-300x86.jpg 300w, https:\/\/tmgsolutions.es\/wp-content\/uploads\/2015\/10\/cintas-adhesivas-interior-tmgsolutions.jpg-768x220.jpg 768w, https:\/\/tmgsolutions.es\/wp-content\/uploads\/2015\/10\/cintas-adhesivas-interior-tmgsolutions.jpg-1030x295.jpg 1030w, https:\/\/tmgsolutions.es\/wp-content\/uploads\/2015\/10\/cintas-adhesivas-interior-tmgsolutions.jpg-705x202.jpg 705w, https:\/\/tmgsolutions.es\/wp-content\/uploads\/2015\/10\/cintas-adhesivas-interior-tmgsolutions.jpg-450x129.jpg 450w\" sizes=\"(max-width: 1500px) 100vw, 1500px\" \/><div class='av-section-color-overlay' style='opacity: 0.2; background-color: #b4b904; '><\/div><\/div><\/li><\/ul><\/div><\/div>\n<div id='av_section_1'  class='avia-section av-av_section-7bc3ba5026aabcc8bf2ae75ce1d2f919 main_color avia-section-small avia-no-border-styling  avia-builder-el-1  el_after_av_slideshow_full  avia-builder-el-last  avia-bg-style-scroll container_wrap fullsize'  ><div class='container av-section-cont-open' ><div class='template-page content  av-content-full alpha units'><div class='post-entry post-entry-type-page post-entry-7185'><div class='entry-content-wrapper clearfix'>\n\n<style type=\"text\/css\" data-created_by=\"avia_inline_auto\" id=\"style-css-av-av_one_full-6126cab7d8fab8d08143dd2dacdf673c\">\n.flex_column.av-av_one_full-6126cab7d8fab8d08143dd2dacdf673c{\n-webkit-border-radius:0px 0px 0px 0px;\n-moz-border-radius:0px 0px 0px 0px;\nborder-radius:0px 0px 0px 0px;\npadding:0px 0px 0px 0px;\n}\n<\/style>\n<div class='flex_column av-av_one_full-6126cab7d8fab8d08143dd2dacdf673c av_one_full  avia-builder-el-2  el_before_av_one_half  avia-builder-el-first  first flex_column_div av-zero-column-padding '     ><section  class='av_textblock_section av-av_textblock-35972167d9f102c5ddaec0c531c98b9e'  itemscope=\"itemscope\" itemtype=\"https:\/\/schema.org\/CreativeWork\" ><div class='avia_textblock'  itemprop=\"text\" ><p>Nous disposons d\u2019une large <strong>gamme de rubans adh\u00e9sifs<\/strong> r\u00e9sultat de la proximit\u00e9 que nous entretenons avec nos clients afin de d\u00e9velopper conjointement des solutions qui r\u00e9pondent \u00e0 leurs besoins actuels et futurs.<\/p>\n<p>Nos produits sont focalis\u00e9s sur l\u2019offre de solutions fiables pour des applications exigeantes, de haut contenu technique et g\u00e9n\u00e9ralement dans des conditions de haute temp\u00e9rature.<\/p>\n<p>Aujourd\u2019hui, nous sommes pr\u00e9sents dans 18 pays et implant\u00e9s dans les march\u00e9s suivants:<\/p>\n<\/div><\/section><\/div>\n<style type=\"text\/css\" data-created_by=\"avia_inline_auto\" id=\"style-css-av-av_one_half-6126cab7d8fab8d08143dd2dacdf673c\">\n.flex_column.av-av_one_half-6126cab7d8fab8d08143dd2dacdf673c{\n-webkit-border-radius:0px 0px 0px 0px;\n-moz-border-radius:0px 0px 0px 0px;\nborder-radius:0px 0px 0px 0px;\npadding:0px 0px 0px 0px;\n}\n<\/style>\n<div class='flex_column av-av_one_half-6126cab7d8fab8d08143dd2dacdf673c av_one_half  avia-builder-el-4  el_after_av_one_full  el_before_av_one_half  first flex_column_div av-zero-column-padding column-top-margin'     ><section  class='av_textblock_section av-av_textblock-35972167d9f102c5ddaec0c531c98b9e'  itemscope=\"itemscope\" itemtype=\"https:\/\/schema.org\/CreativeWork\" ><div class='avia_textblock'  itemprop=\"text\" ><ul>\n<li>A\u00e9ronautique<\/li>\n<li>\u00c9lectronique<\/li>\n<li>\u00c9lectricit\u00e9<\/li>\n<li>Projection thermique<\/li>\n<li>Peinture en poudre<\/li>\n<li>Papier et Arts Graphiques<\/li>\n<li>Automobile<\/li>\n<li>Ferroviaire<\/li>\n<li>Displays<\/li>\n<li>Point de vente<\/li>\n<\/ul>\n<\/div><\/section><\/div>\n<style type=\"text\/css\" data-created_by=\"avia_inline_auto\" id=\"style-css-av-av_one_half-0aa7055fe62c3622faec82866afbaeb2\">\n.flex_column.av-av_one_half-0aa7055fe62c3622faec82866afbaeb2{\n-webkit-border-radius:0px 0px 0px 0px;\n-moz-border-radius:0px 0px 0px 0px;\nborder-radius:0px 0px 0px 0px;\npadding:0px 0px 0px 0px;\n}\n<\/style>\n<div class='flex_column av-av_one_half-0aa7055fe62c3622faec82866afbaeb2 av_one_half  avia-builder-el-6  el_after_av_one_half  el_before_av_one_half  flex_column_div av-zero-column-padding column-top-margin'     ><section  class='av_textblock_section av-av_textblock-35972167d9f102c5ddaec0c531c98b9e'  itemscope=\"itemscope\" itemtype=\"https:\/\/schema.org\/CreativeWork\" ><div class='avia_textblock'  itemprop=\"text\" ><ul>\n<li>Industrie du c\u00e2ble<\/li>\n<li>Membrane PTFE<\/li>\n<li>Energie \u00e9olienne<\/li>\n<li>Fabricants de ruban adh\u00e9sif<\/li>\n<li>Fabricant de caoutchouc<\/li>\n<li>Maroquinerie<\/li>\n<li>Extrudeuses de silicone<\/li>\n<li>Fabricants de transformateurs<\/li>\n<li>Fabricants de films silicon\u00e9s<\/li>\n<\/ul>\n<\/div><\/section><\/div>\n<style type=\"text\/css\" data-created_by=\"avia_inline_auto\" id=\"style-css-av-av_one_half-6126cab7d8fab8d08143dd2dacdf673c\">\n.flex_column.av-av_one_half-6126cab7d8fab8d08143dd2dacdf673c{\n-webkit-border-radius:0px 0px 0px 0px;\n-moz-border-radius:0px 0px 0px 0px;\nborder-radius:0px 0px 0px 0px;\npadding:0px 0px 0px 0px;\n}\n<\/style>\n<div class='flex_column av-av_one_half-6126cab7d8fab8d08143dd2dacdf673c av_one_half  avia-builder-el-8  el_after_av_one_half  el_before_av_one_half  first flex_column_div av-zero-column-padding column-top-margin'     ><p>\n<style type=\"text\/css\" data-created_by=\"avia_inline_auto\" id=\"style-css-av-av_image-b8d0dba2b332bd3c079817741d6c85d8\">\n.avia-image-container.av-av_image-b8d0dba2b332bd3c079817741d6c85d8 img.avia_image{\nbox-shadow:none;\n}\n.avia-image-container.av-av_image-b8d0dba2b332bd3c079817741d6c85d8 .av-image-caption-overlay-center{\ncolor:#ffffff;\n}\n<\/style>\n<div  class='avia-image-container av-av_image-b8d0dba2b332bd3c079817741d6c85d8 av-styling-no-styling avia-align-center  avia-builder-el-9  el_before_av_hr  avia-builder-el-first '   itemprop=\"image\" itemscope=\"itemscope\" itemtype=\"https:\/\/schema.org\/ImageObject\" ><div class=\"avia-image-container-inner\"><div class=\"avia-image-overlay-wrap\"><img decoding=\"async\" class='wp-image-7058 avia-img-lazy-loading-not-7058 avia_image ' src=\"https:\/\/tmgsolutions.es\/wp-content\/uploads\/2015\/10\/cintas-adhesivas-tmgsolutions-interior-1.jpg\" alt='' title='cintas-adhesivas-tmgsolutions-interior-1'  height=\"600\" width=\"600\"  itemprop=\"thumbnailUrl\" srcset=\"https:\/\/tmgsolutions.es\/wp-content\/uploads\/2015\/10\/cintas-adhesivas-tmgsolutions-interior-1.jpg 600w, https:\/\/tmgsolutions.es\/wp-content\/uploads\/2015\/10\/cintas-adhesivas-tmgsolutions-interior-1-80x80.jpg 80w, https:\/\/tmgsolutions.es\/wp-content\/uploads\/2015\/10\/cintas-adhesivas-tmgsolutions-interior-1-300x300.jpg 300w, https:\/\/tmgsolutions.es\/wp-content\/uploads\/2015\/10\/cintas-adhesivas-tmgsolutions-interior-1-36x36.jpg 36w, https:\/\/tmgsolutions.es\/wp-content\/uploads\/2015\/10\/cintas-adhesivas-tmgsolutions-interior-1-180x180.jpg 180w, https:\/\/tmgsolutions.es\/wp-content\/uploads\/2015\/10\/cintas-adhesivas-tmgsolutions-interior-1-120x120.jpg 120w, https:\/\/tmgsolutions.es\/wp-content\/uploads\/2015\/10\/cintas-adhesivas-tmgsolutions-interior-1-450x450.jpg 450w\" sizes=\"(max-width: 600px) 100vw, 600px\" \/><\/div><\/div><\/div><br \/>\n\n<style type=\"text\/css\" data-created_by=\"avia_inline_auto\" id=\"style-css-av-av_hr-921fee5c460087b48939f6789d922a66\">\n#top .hr.hr-invisible.av-av_hr-921fee5c460087b48939f6789d922a66{\nheight:10px;\n}\n<\/style>\n<div  class='hr av-av_hr-921fee5c460087b48939f6789d922a66 hr-invisible  avia-builder-el-10  el_after_av_image  avia-builder-el-last '><span class='hr-inner '><span class=\"hr-inner-style\"><\/span><\/span><\/div><\/p><\/div>\n<style type=\"text\/css\" data-created_by=\"avia_inline_auto\" id=\"style-css-av-av_one_half-0aa7055fe62c3622faec82866afbaeb2\">\n.flex_column.av-av_one_half-0aa7055fe62c3622faec82866afbaeb2{\n-webkit-border-radius:0px 0px 0px 0px;\n-moz-border-radius:0px 0px 0px 0px;\nborder-radius:0px 0px 0px 0px;\npadding:0px 0px 0px 0px;\n}\n<\/style>\n<div class='flex_column av-av_one_half-0aa7055fe62c3622faec82866afbaeb2 av_one_half  avia-builder-el-11  el_after_av_one_half  avia-builder-el-last  flex_column_div av-zero-column-padding column-top-margin'     ><style type=\"text\/css\" data-created_by=\"avia_inline_auto\" id=\"style-css-av-av_image-9e2541f6f18f14a6f09dc9c631db2aa5\">\n.avia-image-container.av-av_image-9e2541f6f18f14a6f09dc9c631db2aa5 img.avia_image{\nbox-shadow:none;\n}\n.avia-image-container.av-av_image-9e2541f6f18f14a6f09dc9c631db2aa5 .av-image-caption-overlay-center{\ncolor:#ffffff;\n}\n<\/style>\n<div  class='avia-image-container av-av_image-9e2541f6f18f14a6f09dc9c631db2aa5 av-styling-no-styling avia-align-center  avia-builder-el-12  avia-builder-el-no-sibling '   itemprop=\"image\" itemscope=\"itemscope\" itemtype=\"https:\/\/schema.org\/ImageObject\" ><div class=\"avia-image-container-inner\"><div class=\"avia-image-overlay-wrap\"><img decoding=\"async\" class='wp-image-7060 avia-img-lazy-loading-not-7060 avia_image ' src=\"https:\/\/tmgsolutions.es\/wp-content\/uploads\/2015\/10\/cintas-adhesivas-tmgsolutions-interior-2.jpg\" alt='' title='cintas-adhesivas-tmgsolutions-interior-2'  height=\"600\" width=\"600\"  itemprop=\"thumbnailUrl\" srcset=\"https:\/\/tmgsolutions.es\/wp-content\/uploads\/2015\/10\/cintas-adhesivas-tmgsolutions-interior-2.jpg 600w, https:\/\/tmgsolutions.es\/wp-content\/uploads\/2015\/10\/cintas-adhesivas-tmgsolutions-interior-2-80x80.jpg 80w, https:\/\/tmgsolutions.es\/wp-content\/uploads\/2015\/10\/cintas-adhesivas-tmgsolutions-interior-2-300x300.jpg 300w, https:\/\/tmgsolutions.es\/wp-content\/uploads\/2015\/10\/cintas-adhesivas-tmgsolutions-interior-2-36x36.jpg 36w, https:\/\/tmgsolutions.es\/wp-content\/uploads\/2015\/10\/cintas-adhesivas-tmgsolutions-interior-2-180x180.jpg 180w, https:\/\/tmgsolutions.es\/wp-content\/uploads\/2015\/10\/cintas-adhesivas-tmgsolutions-interior-2-120x120.jpg 120w, https:\/\/tmgsolutions.es\/wp-content\/uploads\/2015\/10\/cintas-adhesivas-tmgsolutions-interior-2-450x450.jpg 450w\" sizes=\"(max-width: 600px) 100vw, 600px\" \/><\/div><\/div><\/div><\/div>\n","protected":false},"excerpt":{"rendered":"","protected":false},"author":2,"featured_media":0,"parent":0,"menu_order":0,"comment_status":"closed","ping_status":"closed","template":"","meta":{"_exactmetrics_skip_tracking":false,"_exactmetrics_sitenote_active":false,"_exactmetrics_sitenote_note":"","_exactmetrics_sitenote_category":0,"footnotes":""},"class_list":["post-7185","page","type-page","status-publish","hentry"],"_links":{"self":[{"href":"https:\/\/tmgsolutions.es\/fr\/wp-json\/wp\/v2\/pages\/7185","targetHints":{"allow":["GET"]}}],"collection":[{"href":"https:\/\/tmgsolutions.es\/fr\/wp-json\/wp\/v2\/pages"}],"about":[{"href":"https:\/\/tmgsolutions.es\/fr\/wp-json\/wp\/v2\/types\/page"}],"author":[{"embeddable":true,"href":"https:\/\/tmgsolutions.es\/fr\/wp-json\/wp\/v2\/users\/2"}],"replies":[{"embeddable":true,"href":"https:\/\/tmgsolutions.es\/fr\/wp-json\/wp\/v2\/comments?post=7185"}],"version-history":[{"count":4,"href":"https:\/\/tmgsolutions.es\/fr\/wp-json\/wp\/v2\/pages\/7185\/revisions"}],"predecessor-version":[{"id":7993,"href":"https:\/\/tmgsolutions.es\/fr\/wp-json\/wp\/v2\/pages\/7185\/revisions\/7993"}],"wp:attachment":[{"href":"https:\/\/tmgsolutions.es\/fr\/wp-json\/wp\/v2\/media?parent=7185"}],"curies":[{"name":"wp","href":"https:\/\/api.w.org\/{rel}","templated":true}]}}