{"id":7230,"date":"2018-07-13T08:19:26","date_gmt":"2018-07-13T08:19:26","guid":{"rendered":"http:\/\/tmgsolutions.es\/?page_id=7230"},"modified":"2018-07-13T08:19:26","modified_gmt":"2018-07-13T08:19:26","slug":"kits-isolants","status":"publish","type":"page","link":"https:\/\/tmgsolutions.es\/fr\/kits-isolants\/","title":{"rendered":"Kits Isolants"},"content":{"rendered":"<div id='full_slider_1'  class='avia-fullwidth-slider main_color avia-shadow   avia-builder-el-0  el_before_av_section  avia-builder-el-first   container_wrap fullsize'  >\n<style type=\"text\/css\" data-created_by=\"avia_inline_auto\" id=\"style-css-av-av_slideshow_full-466bf94e3f8ee361391ff0a496b42791\">\n#top #wrap_all .avia-slideshow .av-slideshow-caption.av-av_slideshow_full-466bf94e3f8ee361391ff0a496b42791__0 .avia-caption-title{\nfont-size:60px;\n}\n<\/style>\n<div  class='avia-slideshow av-av_slideshow_full-466bf94e3f8ee361391ff0a496b42791 avia-slideshow-featured av_slideshow_full avia-slide-slider av-slideshow-ui av-control-default av-slideshow-manual av-loop-once av-loop-manual-endless av-default-height-applied   avia-slideshow-1' data-slideshow-options=\"{&quot;animation&quot;:&quot;slide&quot;,&quot;autoplay&quot;:false,&quot;loop_autoplay&quot;:&quot;once&quot;,&quot;interval&quot;:5,&quot;loop_manual&quot;:&quot;manual-endless&quot;,&quot;autoplay_stopper&quot;:false,&quot;noNavigation&quot;:false,&quot;bg_slider&quot;:false,&quot;keep_padding&quot;:false,&quot;hoverpause&quot;:false,&quot;show_slide_delay&quot;:0}\"  itemprop=\"image\" itemscope=\"itemscope\" itemtype=\"https:\/\/schema.org\/ImageObject\" ><ul class='avia-slideshow-inner ' style='padding-bottom: 28.666666666667%;'><li  class='avia-slideshow-slide av-av_slideshow_full-466bf94e3f8ee361391ff0a496b42791__0  av-single-slide slide-1 slide-odd'><div data-rel='slideshow-1' class='avia-slide-wrap '   ><div class='av-slideshow-caption av-av_slideshow_full-466bf94e3f8ee361391ff0a496b42791__0 caption_fullwidth caption_left'><div class=\"container caption_container\"><div class=\"slideshow_caption\"><div class=\"slideshow_inner_caption\"><div class=\"slideshow_align_caption\"><h2 class='avia-caption-title '  itemprop=\"name\" >Kits isolants<\/h2><\/div><\/div><\/div><\/div><\/div><img decoding=\"async\" class=\"wp-image-7068 avia-img-lazy-loading-not-7068\"  src=\"https:\/\/tmgsolutions.es\/wp-content\/uploads\/2017\/05\/kits-interior-tmgsolutions.jpg\" width=\"1500\" height=\"430\" title='kits-interior-tmgsolutions' alt=''  itemprop=\"thumbnailUrl\" srcset=\"https:\/\/tmgsolutions.es\/wp-content\/uploads\/2017\/05\/kits-interior-tmgsolutions.jpg 1500w, https:\/\/tmgsolutions.es\/wp-content\/uploads\/2017\/05\/kits-interior-tmgsolutions-300x86.jpg 300w, https:\/\/tmgsolutions.es\/wp-content\/uploads\/2017\/05\/kits-interior-tmgsolutions-768x220.jpg 768w, https:\/\/tmgsolutions.es\/wp-content\/uploads\/2017\/05\/kits-interior-tmgsolutions-1030x295.jpg 1030w, https:\/\/tmgsolutions.es\/wp-content\/uploads\/2017\/05\/kits-interior-tmgsolutions-705x202.jpg 705w, https:\/\/tmgsolutions.es\/wp-content\/uploads\/2017\/05\/kits-interior-tmgsolutions-450x129.jpg 450w\" sizes=\"(max-width: 1500px) 100vw, 1500px\" \/><div class='av-section-color-overlay' style='opacity: 0.2; background-color: #b4b904; '><\/div><\/div><\/li><\/ul><\/div><\/div>\n\n<style type=\"text\/css\" data-created_by=\"avia_inline_auto\" id=\"style-css-av-av_section-a00d57484ab3c9675269730821185dc8\">\n.avia-section.av-av_section-a00d57484ab3c9675269730821185dc8 .av-extra-border-element .av-extra-border-inner{\nbackground-color:#ffffff;\n}\n<\/style>\n<div id='av_section_1'  class='avia-section av-av_section-a00d57484ab3c9675269730821185dc8 main_color avia-section-small avia-shadow  avia-builder-el-1  el_after_av_slideshow_full  el_before_av_section  avia-bg-style-scroll av-arrow-down-section container_wrap fullsize'  ><div class='container av-section-cont-open' ><div class='template-page content  av-content-full alpha units'><div class='post-entry post-entry-type-page post-entry-7230'><div class='entry-content-wrapper clearfix'>\n\n<style type=\"text\/css\" data-created_by=\"avia_inline_auto\" id=\"style-css-av-av_hr-b30e41aaa4ee0c8f0a9002998d6d6e97\">\n#top .hr.hr-invisible.av-av_hr-b30e41aaa4ee0c8f0a9002998d6d6e97{\nheight:20px;\n}\n<\/style>\n<div  class='hr av-av_hr-b30e41aaa4ee0c8f0a9002998d6d6e97 hr-invisible  avia-builder-el-2  el_before_av_two_third  avia-builder-el-first '><span class='hr-inner '><span class=\"hr-inner-style\"><\/span><\/span><\/div>\n\n<style type=\"text\/css\" data-created_by=\"avia_inline_auto\" id=\"style-css-av-av_two_third-6126cab7d8fab8d08143dd2dacdf673c\">\n.flex_column.av-av_two_third-6126cab7d8fab8d08143dd2dacdf673c{\n-webkit-border-radius:0px 0px 0px 0px;\n-moz-border-radius:0px 0px 0px 0px;\nborder-radius:0px 0px 0px 0px;\npadding:0px 0px 0px 0px;\n}\n<\/style>\n<div class='flex_column av-av_two_third-6126cab7d8fab8d08143dd2dacdf673c av_two_third  avia-builder-el-3  el_after_av_hr  el_before_av_one_third  first flex_column_div av-zero-column-padding '     ><section  class='av_textblock_section av-av_textblock-35972167d9f102c5ddaec0c531c98b9e'  itemscope=\"itemscope\" itemtype=\"https:\/\/schema.org\/CreativeWork\" ><div class='avia_textblock'  itemprop=\"text\" ><p><strong>TMG<\/strong> propose au march\u00e9 une fabrication et\u00a0un usinage de composants et kits selon les exigences des clients.<\/p>\n<p>Ces composants forment des barri\u00e8res dans la structure d\u2019isolement de cellulose des transformateurs \u00e0 huile. Ils offrent la possibilit\u00e9 de donner forme aux \u00e9l\u00e9ments en accord avec les sch\u00e9mas sp\u00e9cifiques du champ \u00e9lectrique, et par cons\u00e9quent permettre de construire un isolement id\u00e9al qui aide \u00e0 r\u00e9duire la dimension du transformateur et donc par cons\u00e9quence minimiser la quantit\u00e9 de mat\u00e9riel requis.<\/p>\n<\/div><\/section><\/div>\n<style type=\"text\/css\" data-created_by=\"avia_inline_auto\" id=\"style-css-av-av_one_third-0aa7055fe62c3622faec82866afbaeb2\">\n.flex_column.av-av_one_third-0aa7055fe62c3622faec82866afbaeb2{\n-webkit-border-radius:0px 0px 0px 0px;\n-moz-border-radius:0px 0px 0px 0px;\nborder-radius:0px 0px 0px 0px;\npadding:0px 0px 0px 0px;\n}\n<\/style>\n<div class='flex_column av-av_one_third-0aa7055fe62c3622faec82866afbaeb2 av_one_third  avia-builder-el-5  el_after_av_two_third  avia-builder-el-last  flex_column_div av-zero-column-padding '     ><style type=\"text\/css\" data-created_by=\"avia_inline_auto\" id=\"style-css-av-av_image-c62913fe79a5e1f458bcbf772532047f\">\n.avia-image-container.av-av_image-c62913fe79a5e1f458bcbf772532047f img.avia_image{\nbox-shadow:none;\n}\n.avia-image-container.av-av_image-c62913fe79a5e1f458bcbf772532047f .av-image-caption-overlay-center{\ncolor:#ffffff;\n}\n<\/style>\n<div  class='avia-image-container av-av_image-c62913fe79a5e1f458bcbf772532047f av-styling-no-styling avia-align-center  avia-builder-el-6  avia-builder-el-no-sibling '   itemprop=\"image\" itemscope=\"itemscope\" itemtype=\"https:\/\/schema.org\/ImageObject\" ><div class=\"avia-image-container-inner\"><div class=\"avia-image-overlay-wrap\"><img decoding=\"async\" class='wp-image-7074 avia-img-lazy-loading-not-7074 avia_image ' src=\"https:\/\/tmgsolutions.es\/wp-content\/uploads\/2017\/05\/kits-tmgsolutions-interior-3.jpg\" alt='' title='kits-tmgsolutions-interior-3'  height=\"600\" width=\"600\"  itemprop=\"thumbnailUrl\" srcset=\"https:\/\/tmgsolutions.es\/wp-content\/uploads\/2017\/05\/kits-tmgsolutions-interior-3.jpg 600w, https:\/\/tmgsolutions.es\/wp-content\/uploads\/2017\/05\/kits-tmgsolutions-interior-3-80x80.jpg 80w, https:\/\/tmgsolutions.es\/wp-content\/uploads\/2017\/05\/kits-tmgsolutions-interior-3-300x300.jpg 300w, https:\/\/tmgsolutions.es\/wp-content\/uploads\/2017\/05\/kits-tmgsolutions-interior-3-36x36.jpg 36w, https:\/\/tmgsolutions.es\/wp-content\/uploads\/2017\/05\/kits-tmgsolutions-interior-3-180x180.jpg 180w, https:\/\/tmgsolutions.es\/wp-content\/uploads\/2017\/05\/kits-tmgsolutions-interior-3-120x120.jpg 120w, https:\/\/tmgsolutions.es\/wp-content\/uploads\/2017\/05\/kits-tmgsolutions-interior-3-450x450.jpg 450w\" sizes=\"(max-width: 600px) 100vw, 600px\" \/><\/div><\/div><\/div><\/div><\/div><\/div><\/div><!-- close content main div --><\/div><div class='av-extra-border-element border-extra-arrow-down'><div class='av-extra-border-outer'><div class='av-extra-border-inner'><\/div><\/div><\/div><\/div><div id='av_section_2'  class='avia-section av-av_section-7bc3ba5026aabcc8bf2ae75ce1d2f919 main_color avia-section-small avia-no-border-styling  avia-builder-el-7  el_after_av_section  avia-builder-el-last  avia-bg-style-scroll container_wrap fullsize'  ><div class='container av-section-cont-open' ><div class='template-page content  av-content-full alpha units'><div class='post-entry post-entry-type-page post-entry-7230'><div class='entry-content-wrapper clearfix'>\n\n<style type=\"text\/css\" data-created_by=\"avia_inline_auto\" id=\"style-css-av-av_one_third-6126cab7d8fab8d08143dd2dacdf673c\">\n.flex_column.av-av_one_third-6126cab7d8fab8d08143dd2dacdf673c{\n-webkit-border-radius:0px 0px 0px 0px;\n-moz-border-radius:0px 0px 0px 0px;\nborder-radius:0px 0px 0px 0px;\npadding:0px 0px 0px 0px;\n}\n<\/style>\n<div class='flex_column av-av_one_third-6126cab7d8fab8d08143dd2dacdf673c av_one_third  avia-builder-el-8  el_before_av_two_third  avia-builder-el-first  first flex_column_div av-zero-column-padding '     ><style type=\"text\/css\" data-created_by=\"avia_inline_auto\" id=\"style-css-av-av_image-49a2850a70fa2b6d6abd94a79547f2eb\">\n.avia-image-container.av-av_image-49a2850a70fa2b6d6abd94a79547f2eb img.avia_image{\nbox-shadow:none;\n}\n.avia-image-container.av-av_image-49a2850a70fa2b6d6abd94a79547f2eb .av-image-caption-overlay-center{\ncolor:#ffffff;\n}\n<\/style>\n<div  class='avia-image-container av-av_image-49a2850a70fa2b6d6abd94a79547f2eb av-styling-no-styling avia-align-center  avia-builder-el-9  avia-builder-el-no-sibling '   itemprop=\"image\" itemscope=\"itemscope\" itemtype=\"https:\/\/schema.org\/ImageObject\" ><div class=\"avia-image-container-inner\"><div class=\"avia-image-overlay-wrap\"><img decoding=\"async\" class='wp-image-7072 avia-img-lazy-loading-not-7072 avia_image ' src=\"https:\/\/tmgsolutions.es\/wp-content\/uploads\/2017\/05\/kits-tmgsolutions-interior-2.jpg\" alt='' title='kits-tmgsolutions-interior-2'  height=\"600\" width=\"600\"  itemprop=\"thumbnailUrl\" srcset=\"https:\/\/tmgsolutions.es\/wp-content\/uploads\/2017\/05\/kits-tmgsolutions-interior-2.jpg 600w, https:\/\/tmgsolutions.es\/wp-content\/uploads\/2017\/05\/kits-tmgsolutions-interior-2-80x80.jpg 80w, https:\/\/tmgsolutions.es\/wp-content\/uploads\/2017\/05\/kits-tmgsolutions-interior-2-300x300.jpg 300w, https:\/\/tmgsolutions.es\/wp-content\/uploads\/2017\/05\/kits-tmgsolutions-interior-2-36x36.jpg 36w, https:\/\/tmgsolutions.es\/wp-content\/uploads\/2017\/05\/kits-tmgsolutions-interior-2-180x180.jpg 180w, https:\/\/tmgsolutions.es\/wp-content\/uploads\/2017\/05\/kits-tmgsolutions-interior-2-120x120.jpg 120w, https:\/\/tmgsolutions.es\/wp-content\/uploads\/2017\/05\/kits-tmgsolutions-interior-2-450x450.jpg 450w\" sizes=\"(max-width: 600px) 100vw, 600px\" \/><\/div><\/div><\/div><\/div>\n<style type=\"text\/css\" data-created_by=\"avia_inline_auto\" id=\"style-css-av-av_two_third-0aa7055fe62c3622faec82866afbaeb2\">\n.flex_column.av-av_two_third-0aa7055fe62c3622faec82866afbaeb2{\n-webkit-border-radius:0px 0px 0px 0px;\n-moz-border-radius:0px 0px 0px 0px;\nborder-radius:0px 0px 0px 0px;\npadding:0px 0px 0px 0px;\n}\n<\/style>\n<div class='flex_column av-av_two_third-0aa7055fe62c3622faec82866afbaeb2 av_two_third  avia-builder-el-10  el_after_av_one_third  avia-builder-el-last  flex_column_div av-zero-column-padding '     ><p><section  class='av_textblock_section av-av_textblock-35972167d9f102c5ddaec0c531c98b9e'  itemscope=\"itemscope\" itemtype=\"https:\/\/schema.org\/CreativeWork\" ><div class='avia_textblock'  itemprop=\"text\" ><p><strong>Pi\u00e8ces m\u00e9canis\u00e9es<\/strong><\/p>\n<p>Large \u00e9ventail de pi\u00e8ces m\u00e9canis\u00e9es fabriqu\u00e9es \u00e0 base de carton et de bois lamin\u00e9 pour un isolement solide de transformateurs de distribution et de puissance<br \/>\nLes usinages respectent avec les exigences requises les plus \u00e9lev\u00e9es pour leurs usages d\u00e9di\u00e9s aux appareils \u00e9lectriques<br \/>\nNous disposons d\u2019une ligne de produits d\u2019usinage standard, ainsi qu\u2019une gamme de solutions sur mesure.<\/p>\n<\/div><\/section><br \/>\n<section  class='av_textblock_section av-av_textblock-35972167d9f102c5ddaec0c531c98b9e'  itemscope=\"itemscope\" itemtype=\"https:\/\/schema.org\/CreativeWork\" ><div class='avia_textblock'  itemprop=\"text\" ><p><strong>Kits isolants<\/strong><\/p>\n<p>Nous poss\u00e9dons une grande exp\u00e9rience soumettant des kits pour transformateurs de distribution et de potence, que ce soit Cuirass\u00e9 ou Colonne.<\/p>\n<\/div><\/section><\/p><\/div><\/p>\n","protected":false},"excerpt":{"rendered":"","protected":false},"author":2,"featured_media":0,"parent":0,"menu_order":0,"comment_status":"closed","ping_status":"closed","template":"","meta":{"_exactmetrics_skip_tracking":false,"_exactmetrics_sitenote_active":false,"_exactmetrics_sitenote_note":"","_exactmetrics_sitenote_category":0,"footnotes":""},"class_list":["post-7230","page","type-page","status-publish","hentry"],"_links":{"self":[{"href":"https:\/\/tmgsolutions.es\/fr\/wp-json\/wp\/v2\/pages\/7230","targetHints":{"allow":["GET"]}}],"collection":[{"href":"https:\/\/tmgsolutions.es\/fr\/wp-json\/wp\/v2\/pages"}],"about":[{"href":"https:\/\/tmgsolutions.es\/fr\/wp-json\/wp\/v2\/types\/page"}],"author":[{"embeddable":true,"href":"https:\/\/tmgsolutions.es\/fr\/wp-json\/wp\/v2\/users\/2"}],"replies":[{"embeddable":true,"href":"https:\/\/tmgsolutions.es\/fr\/wp-json\/wp\/v2\/comments?post=7230"}],"version-history":[{"count":3,"href":"https:\/\/tmgsolutions.es\/fr\/wp-json\/wp\/v2\/pages\/7230\/revisions"}],"predecessor-version":[{"id":7233,"href":"https:\/\/tmgsolutions.es\/fr\/wp-json\/wp\/v2\/pages\/7230\/revisions\/7233"}],"wp:attachment":[{"href":"https:\/\/tmgsolutions.es\/fr\/wp-json\/wp\/v2\/media?parent=7230"}],"curies":[{"name":"wp","href":"https:\/\/api.w.org\/{rel}","templated":true}]}}